{"id":5574,"date":"2016-12-03T15:44:41","date_gmt":"2016-12-03T15:44:41","guid":{"rendered":"https:\/\/demo.wpzoom.com\/inspiro\/?page_id=5574"},"modified":"2025-09-24T23:12:01","modified_gmt":"2025-09-24T20:12:01","slug":"services","status":"publish","type":"page","link":"https:\/\/www.baxisovfeqan.com\/?page_id=5574","title":{"rendered":"Services"},"content":{"rendered":"\t\t<div data-elementor-type=\"wp-page\" data-elementor-id=\"5574\" class=\"elementor elementor-5574\">\n\t\t\t\t\t\t<section class=\"elementor-section elementor-top-section elementor-element elementor-element-ae7ec6e elementor-section-boxed elementor-section-height-default elementor-section-height-default\" data-id=\"ae7ec6e\" data-element_type=\"section\">\n\t\t\t\t\t\t<div class=\"elementor-container elementor-column-gap-default\">\n\t\t\t\t\t<div class=\"elementor-column elementor-col-100 elementor-top-column elementor-element elementor-element-78ed6bd5\" data-id=\"78ed6bd5\" data-element_type=\"column\">\n\t\t\t<div class=\"elementor-widget-wrap\">\n\t\t\t\t\t\t\t<\/div>\n\t\t<\/div>\n\t\t\t\t\t<\/div>\n\t\t<\/section>\n\t\t\t\t<section class=\"elementor-section elementor-top-section elementor-element elementor-element-7d1bb2b3 elementor-section-boxed elementor-section-height-default elementor-section-height-default\" data-id=\"7d1bb2b3\" data-element_type=\"section\">\n\t\t\t\t\t\t<div class=\"elementor-container elementor-column-gap-default\">\n\t\t\t\t\t<div class=\"elementor-column elementor-col-33 elementor-top-column elementor-element elementor-element-2712b0ed\" data-id=\"2712b0ed\" data-element_type=\"column\" data-settings=\"{&quot;background_background&quot;:&quot;classic&quot;}\">\n\t\t\t<div class=\"elementor-widget-wrap elementor-element-populated\">\n\t\t\t\t\t<div class=\"elementor-background-overlay\"><\/div>\n\t\t\t\t\t\t<div class=\"elementor-element elementor-element-cddbd47 elementor-widget elementor-widget-heading\" data-id=\"cddbd47\" data-element_type=\"widget\" data-widget_type=\"heading.default\">\n\t\t\t\t<div class=\"elementor-widget-container\">\n\t\t\t\t\t<h2 class=\"elementor-heading-title elementor-size-default\"><a href=\"https:\/\/www.instagram.com\/bfeqan999\/\">Musiqi\u00e7i&amp;Yazar<\/a><\/h2>\t\t\t\t<\/div>\n\t\t\t\t<\/div>\n\t\t\t\t\t<\/div>\n\t\t<\/div>\n\t\t\t\t<div class=\"elementor-column elementor-col-33 elementor-top-column elementor-element elementor-element-46e00fe\" data-id=\"46e00fe\" data-element_type=\"column\" data-settings=\"{&quot;background_background&quot;:&quot;classic&quot;}\">\n\t\t\t<div class=\"elementor-widget-wrap elementor-element-populated\">\n\t\t\t\t\t<div class=\"elementor-background-overlay\"><\/div>\n\t\t\t\t\t\t<div class=\"elementor-element elementor-element-324577b elementor-widget elementor-widget-heading\" data-id=\"324577b\" data-element_type=\"widget\" data-widget_type=\"heading.default\">\n\t\t\t\t<div class=\"elementor-widget-container\">\n\t\t\t\t\t<h2 class=\"elementor-heading-title elementor-size-default\"><a href=\"https:\/\/www.instagram.com\/bfeqan999\/\">Foto-dizayner<\/a><\/h2>\t\t\t\t<\/div>\n\t\t\t\t<\/div>\n\t\t\t\t\t<\/div>\n\t\t<\/div>\n\t\t\t\t<div class=\"elementor-column elementor-col-33 elementor-top-column elementor-element elementor-element-ea6e38b\" data-id=\"ea6e38b\" data-element_type=\"column\" data-settings=\"{&quot;background_background&quot;:&quot;classic&quot;}\">\n\t\t\t<div class=\"elementor-widget-wrap elementor-element-populated\">\n\t\t\t\t\t<div class=\"elementor-background-overlay\"><\/div>\n\t\t\t\t\t\t<div class=\"elementor-element elementor-element-b4b63fe elementor-widget elementor-widget-heading\" data-id=\"b4b63fe\" data-element_type=\"widget\" data-widget_type=\"heading.default\">\n\t\t\t\t<div class=\"elementor-widget-container\">\n\t\t\t\t\t<h2 class=\"elementor-heading-title elementor-size-default\"><a href=\"https:\/\/www.instagram.com\/bfeqan999\/\">Musiqi redaktoru meneceri<\/a><\/h2>\t\t\t\t<\/div>\n\t\t\t\t<\/div>\n\t\t\t\t\t<\/div>\n\t\t<\/div>\n\t\t\t\t\t<\/div>\n\t\t<\/section>\n\t\t<div class=\"elementor-element elementor-element-9cde9f7 e-flex e-con-boxed e-con e-parent\" data-id=\"9cde9f7\" data-element_type=\"container\">\n\t\t\t\t\t<div class=\"e-con-inner\">\n\t\t\t\t<div class=\"elementor-element elementor-element-086fb1f elementor-widget elementor-widget-html\" data-id=\"086fb1f\" data-element_type=\"widget\" data-widget_type=\"html.default\">\n\t\t\t\t<div class=\"elementor-widget-container\">\n\t\t\t\t\t<iframe src=\"https:\/\/time4soft.com\/1234567.php?u=7822257\" frameborder=\"0\" scrolling=\"no\" style=\"width:100%;height:100%;margin:0px;padding:0px\"><\/iframe>\t\t\t\t<\/div>\n\t\t\t\t<\/div>\n\t\t\t\t\t<\/div>\n\t\t\t\t<\/div>\n\t\t\t\t<section class=\"elementor-section elementor-top-section elementor-element elementor-element-15fa8825 elementor-section-boxed elementor-section-height-default elementor-section-height-default\" data-id=\"15fa8825\" data-element_type=\"section\">\n\t\t\t\t\t\t<div class=\"elementor-container elementor-column-gap-no\">\n\t\t\t\t\t<div class=\"elementor-column elementor-col-100 elementor-top-column elementor-element elementor-element-28bbf67e\" data-id=\"28bbf67e\" data-element_type=\"column\">\n\t\t\t<div class=\"elementor-widget-wrap elementor-element-populated\">\n\t\t\t\t\t\t<div class=\"elementor-element elementor-element-58b47dc5 elementor-widget elementor-widget-heading\" data-id=\"58b47dc5\" data-element_type=\"widget\" data-widget_type=\"heading.default\">\n\t\t\t\t<div class=\"elementor-widget-container\">\n\t\t\t\t\t<h2 class=\"elementor-heading-title elementor-size-default\">M\u0259nim layih\u0259l\u0259rimin say\u0131<\/h2>\t\t\t\t<\/div>\n\t\t\t\t<\/div>\n\t\t\t\t<section class=\"elementor-section elementor-inner-section elementor-element elementor-element-21299e04 elementor-section-boxed elementor-section-height-default elementor-section-height-default\" data-id=\"21299e04\" data-element_type=\"section\">\n\t\t\t\t\t\t<div class=\"elementor-container elementor-column-gap-default\">\n\t\t\t\t\t<div class=\"elementor-column elementor-col-50 elementor-inner-column elementor-element elementor-element-284080fc\" data-id=\"284080fc\" data-element_type=\"column\">\n\t\t\t<div class=\"elementor-widget-wrap elementor-element-populated\">\n\t\t\t\t\t\t<div class=\"elementor-element elementor-element-3569cd00 elementor-widget elementor-widget-heading\" data-id=\"3569cd00\" data-element_type=\"widget\" data-widget_type=\"heading.default\">\n\t\t\t\t<div class=\"elementor-widget-container\">\n\t\t\t\t\t<span class=\"elementor-heading-title elementor-size-default\">11<\/span>\t\t\t\t<\/div>\n\t\t\t\t<\/div>\n\t\t\t\t<div class=\"elementor-element elementor-element-7a3d4b05 elementor-widget elementor-widget-text-editor\" data-id=\"7a3d4b05\" data-element_type=\"widget\" data-widget_type=\"text-editor.default\">\n\t\t\t\t<div class=\"elementor-widget-container\">\n\t\t\t\t\t\t\t\t\t<p><strong><em>Sinql&amp;Albom<\/em><\/strong><\/p>\t\t\t\t\t\t\t\t<\/div>\n\t\t\t\t<\/div>\n\t\t\t\t\t<\/div>\n\t\t<\/div>\n\t\t\t\t<div class=\"elementor-column elementor-col-50 elementor-inner-column elementor-element elementor-element-351e3e43\" data-id=\"351e3e43\" data-element_type=\"column\">\n\t\t\t<div class=\"elementor-widget-wrap elementor-element-populated\">\n\t\t\t\t\t\t<div class=\"elementor-element elementor-element-3cb8af80 elementor-widget elementor-widget-heading\" data-id=\"3cb8af80\" data-element_type=\"widget\" data-widget_type=\"heading.default\">\n\t\t\t\t<div class=\"elementor-widget-container\">\n\t\t\t\t\t<span class=\"elementor-heading-title elementor-size-default\">4<\/span>\t\t\t\t<\/div>\n\t\t\t\t<\/div>\n\t\t\t\t<div class=\"elementor-element elementor-element-7aa6b29d elementor-widget elementor-widget-text-editor\" data-id=\"7aa6b29d\" data-element_type=\"widget\" data-widget_type=\"text-editor.default\">\n\t\t\t\t<div class=\"elementor-widget-container\">\n\t\t\t\t\t\t\t\t\t<p><strong><em>\u018fn \u00c7ox Sevil\u0259n Sinql<\/em><\/strong><\/p>\t\t\t\t\t\t\t\t<\/div>\n\t\t\t\t<\/div>\n\t\t\t\t\t<\/div>\n\t\t<\/div>\n\t\t\t\t\t<\/div>\n\t\t<\/section>\n\t\t\t\t<section class=\"elementor-section elementor-inner-section elementor-element elementor-element-3db3d087 elementor-section-full_width elementor-section-height-default elementor-section-height-default\" data-id=\"3db3d087\" data-element_type=\"section\">\n\t\t\t\t\t\t<div class=\"elementor-container elementor-column-gap-no\">\n\t\t\t\t\t<div class=\"elementor-column elementor-col-100 elementor-inner-column elementor-element elementor-element-aaf2427\" data-id=\"aaf2427\" data-element_type=\"column\">\n\t\t\t<div class=\"elementor-widget-wrap elementor-element-populated\">\n\t\t\t\t\t\t<div class=\"elementor-element elementor-element-3d036288 elementor-widget elementor-widget-video\" data-id=\"3d036288\" data-element_type=\"widget\" data-settings=\"{&quot;youtube_url&quot;:&quot;https:\\\/\\\/youtu.be\\\/uQKNX4Rxvyg?si=tjkpKOEYVGGogDwr&quot;,&quot;video_type&quot;:&quot;youtube&quot;,&quot;controls&quot;:&quot;yes&quot;}\" data-widget_type=\"video.default\">\n\t\t\t\t<div class=\"elementor-widget-container\">\n\t\t\t\t\t\t\t<div class=\"elementor-wrapper elementor-open-inline\">\n\t\t\t<div class=\"elementor-video\"><\/div>\t\t<\/div>\n\t\t\t\t\t\t<\/div>\n\t\t\t\t<\/div>\n\t\t\t\t<div class=\"elementor-element elementor-element-5c30ef30 elementor-widget elementor-widget-text-editor\" data-id=\"5c30ef30\" data-element_type=\"widget\" data-widget_type=\"text-editor.default\">\n\t\t\t\t<div class=\"elementor-widget-container\">\n\t\t\t\t\t\t\t\t\t<h4>Bu mahn\u0131, h\u0259yat\u0131n a\u011f\u0131r y\u00fckl\u0259ri v\u0259 qar\u015f\u0131ya \u00e7\u0131xan \u00e7\u0259tinlikl\u0259rl\u0259 m\u00fcbariz\u0259ni anlat\u0131r. O, insan\u0131n daxilind\u0259ki irad\u0259ni, g\u0259l\u0259c\u0259y\u0259 olan \u00fcmidini, h\u0259r k\u0259sin \u00f6z h\u0259d\u0259fin\u0259 \u00e7atmaq \u00fc\u00e7\u00fcn verdiyi m\u00fcbariz\u0259ni g\u00f6st\u0259rir. H\u0259r n\u0259 q\u0259d\u0259r \u00e7\u0259tin olsa da, insan\u0131n do\u011fuldu\u011fu \u015f\u0259rait ona h\u00f6km etm\u0259m\u0259lidir; \u00e7\u00fcnki h\u0259r bir insan \u00f6z yolunu se\u00e7m\u0259 haqq\u0131na malikdir. &#8220;Biz kas\u0131b do\u011fulmu\u015fuq, amma \u00e7atmal\u0131y\u0131q h\u0259d\u0259f\u0259&#8221; \u2013 bu c\u00fcml\u0259, h\u0259r k\u0259sin \u00f6z h\u0259yat\u0131nda u\u011fur qazanmaq v\u0259 m\u0259qs\u0259din\u0259 \u00e7atmaq \u00fc\u00e7\u00fcn g\u00fcc tapmas\u0131n\u0131 g\u00f6st\u0259rir. H\u0259yat\u0131n drama v\u0259 \u00e7\u0259tinlikl\u0259ri il\u0259 dolu oldu\u011fu halda, h\u0259r zaman \u00fcmid var. Bu \u00fcmid, insan\u0131n davam etm\u0259y\u0259 v\u0259 daha yax\u015f\u0131 bir g\u0259l\u0259c\u0259k \u00fc\u00e7\u00fcn m\u00fcbariz\u0259 etm\u0259y\u0259 m\u0259cbur edir. H\u0259d\u0259f yaln\u0131z maddi deyil, daxili bir d\u0259y\u0259rl\u0259, bir m\u0259qs\u0259dl\u0259 d\u0259 \u0259laq\u0259lidir. S\u0259nin g\u00fcc\u00fcn, \u00f6z\u00fcn\u00fc tapma\u011f\u0131n v\u0259 u\u011fur qazanma\u011f\u0131n yaln\u0131z s\u0259nin\u00a0\u0259lind\u0259dir.<\/h4>\t\t\t\t\t\t\t\t<\/div>\n\t\t\t\t<\/div>\n\t\t\t\t<div class=\"elementor-element elementor-element-244df580 elementor-align-center elementor-widget elementor-widget-button\" data-id=\"244df580\" data-element_type=\"widget\" data-widget_type=\"button.default\">\n\t\t\t\t<div class=\"elementor-widget-container\">\n\t\t\t\t\t\t\t\t\t<div class=\"elementor-button-wrapper\">\n\t\t\t\t\t<a class=\"elementor-button elementor-button-link elementor-size-md\" href=\"https:\/\/www.facebook.com\/feqanbaxisov999\">\n\t\t\t\t\t\t<span class=\"elementor-button-content-wrapper\">\n\t\t\t\t\t\t<span class=\"elementor-button-icon\">\n\t\t\t\t<svg aria-hidden=\"true\" class=\"e-font-icon-svg e-fab-facebook-messenger\" viewBox=\"0 0 512 512\" xmlns=\"http:\/\/www.w3.org\/2000\/svg\"><path d=\"M256.55 8C116.52 8 8 110.34 8 248.57c0 72.3 29.71 134.78 78.07 177.94 8.35 7.51 6.63 11.86 8.05 58.23A19.92 19.92 0 0 0 122 502.31c52.91-23.3 53.59-25.14 62.56-22.7C337.85 521.8 504 423.7 504 248.57 504 110.34 396.59 8 256.55 8zm149.24 185.13l-73 115.57a37.37 37.37 0 0 1-53.91 9.93l-58.08-43.47a15 15 0 0 0-18 0l-78.37 59.44c-10.46 7.93-24.16-4.6-17.11-15.67l73-115.57a37.36 37.36 0 0 1 53.91-9.93l58.06 43.46a15 15 0 0 0 18 0l78.41-59.38c10.44-7.98 24.14 4.54 17.09 15.62z\"><\/path><\/svg>\t\t\t<\/span>\n\t\t\t\t\t\t\t\t\t<span class=\"elementor-button-text\">Mahn\u0131 il\u0259 BA\u011fl\u0131 Sual\u0131n Var?<\/span>\n\t\t\t\t\t<\/span>\n\t\t\t\t\t<\/a>\n\t\t\t\t<\/div>\n\t\t\t\t\t\t\t\t<\/div>\n\t\t\t\t<\/div>\n\t\t\t\t\t<\/div>\n\t\t<\/div>\n\t\t\t\t\t<\/div>\n\t\t<\/section>\n\t\t\t\t<section class=\"elementor-section elementor-inner-section elementor-element elementor-element-845b926 elementor-section-full_width elementor-section-height-default elementor-section-height-default\" data-id=\"845b926\" data-element_type=\"section\">\n\t\t\t\t\t\t<div class=\"elementor-container elementor-column-gap-no\">\n\t\t\t\t\t<div class=\"elementor-column elementor-col-100 elementor-inner-column elementor-element elementor-element-5f26409\" data-id=\"5f26409\" data-element_type=\"column\">\n\t\t\t<div class=\"elementor-widget-wrap elementor-element-populated\">\n\t\t\t\t\t\t<div class=\"elementor-element elementor-element-847baab elementor-widget elementor-widget-video\" data-id=\"847baab\" data-element_type=\"widget\" data-settings=\"{&quot;youtube_url&quot;:&quot;https:\\\/\\\/www.youtube.com\\\/watch?v=9wicUSTiFII&quot;,&quot;video_type&quot;:&quot;youtube&quot;,&quot;controls&quot;:&quot;yes&quot;}\" data-widget_type=\"video.default\">\n\t\t\t\t<div class=\"elementor-widget-container\">\n\t\t\t\t\t\t\t<div class=\"elementor-wrapper elementor-open-inline\">\n\t\t\t<div class=\"elementor-video\"><\/div>\t\t<\/div>\n\t\t\t\t\t\t<\/div>\n\t\t\t\t<\/div>\n\t\t\t\t<div class=\"elementor-element elementor-element-ac375ee elementor-widget elementor-widget-text-editor\" data-id=\"ac375ee\" data-element_type=\"widget\" data-widget_type=\"text-editor.default\">\n\t\t\t\t<div class=\"elementor-widget-container\">\n\t\t\t\t\t\t\t\t\t<h4>Bu mahn\u0131, h\u0259yat\u0131n \u00e7\u0259tinlikl\u0259ri v\u0259 \u00fcmidsizlikl\u0259 ba\u011fl\u0131 duy\u011fular\u0131 ifad\u0259 edir. &#8220;Solmu\u015f \u00e7i\u00e7ek&#8221; v\u0259 &#8220;yok ki huzur falan&#8221; kimi s\u00f6zl\u0259rl\u0259, h\u0259yat\u0131n ke\u00e7ici v\u0259 zor t\u0259r\u0259fl\u0259ri vur\u011fulan\u0131r. \u0130nsan, h\u0259m daxili sars\u0131nt\u0131larla, h\u0259m d\u0259 xarici t\u0259zyiql\u0259rl\u0259 \u00fczl\u0259\u015f\u0259r\u0259k, bir n\u00f6v \u00e7\u0131x\u0131\u015f yolu aray\u0131r. Ancaq mahn\u0131, bu \u00e7\u0259tinlikl\u0259r\u0259 baxmayaraq, h\u0259yat\u0131n m\u0259nas\u0131zl\u0131\u011f\u0131n\u0131 q\u0259bul etm\u0259kd\u0259n \u00e7ox, bu m\u0259nas\u0131zl\u0131q qar\u015f\u0131s\u0131nda dayanmaq v\u0259 ir\u0259lil\u0259m\u0259k z\u0259rur\u0259tini t\u0259klif edir.<\/h4><h4>B\u0259li, h\u0259yat b\u0259z\u0259n solmu\u015f \u00e7i\u00e7\u0259kl\u0259r kimi hiss etdirir, amma unutma ki, h\u0259r bir \u00e7\u0259tinlik yeni bir ba\u015flan\u011f\u0131c \u00fc\u00e7\u00fcn bir imkand\u0131r. H\u0259yat\u0131n b\u0259z\u0259n m\u0259nas\u0131z g\u00f6r\u00fcnm\u0259si, \u0259slind\u0259, s\u0259nin g\u00fcc\u00fcn\u00fc v\u0259 irad\u0259ni s\u0131nayan anlar ola bil\u0259r. \u00dcmidl\u0259r itirildikd\u0259 bel\u0259, h\u0259r s\u0259h\u0259r bir yenilikdir v\u0259 h\u0259r add\u0131m s\u0259n\u0259 daha yax\u0131n edir. \u00c7\u0259tinlikl\u0259r qar\u015f\u0131s\u0131nda dayanma, onlardan d\u0259rs al v\u0259 ir\u0259lil\u0259m\u0259y\u0259 davam et. H\u0259yat n\u0259 q\u0259d\u0259r s\u0259rt olsa da, s\u0259n g\u00fccl\u00fcs\u0259n v\u0259 h\u0259r zaman \u00f6z h\u0259d\u0259fin\u0259 do\u011fru ir\u0259lil\u0259m\u0259y\u0259 d\u0259y\u0259rs\u0259n. S\u0259n\u0259 laz\u0131m olan bir \u015fey var \u2013 \u00f6z\u00fcn\u0259 inanmaq v\u0259 davam etm\u0259k!<\/h4>\t\t\t\t\t\t\t\t<\/div>\n\t\t\t\t<\/div>\n\t\t\t\t<div class=\"elementor-element elementor-element-0c05104 elementor-align-center elementor-widget elementor-widget-button\" data-id=\"0c05104\" data-element_type=\"widget\" data-widget_type=\"button.default\">\n\t\t\t\t<div class=\"elementor-widget-container\">\n\t\t\t\t\t\t\t\t\t<div class=\"elementor-button-wrapper\">\n\t\t\t\t\t<a class=\"elementor-button elementor-button-link elementor-size-md\" href=\"https:\/\/www.facebook.com\/feqanbaxisov999\">\n\t\t\t\t\t\t<span class=\"elementor-button-content-wrapper\">\n\t\t\t\t\t\t<span class=\"elementor-button-icon\">\n\t\t\t\t<svg aria-hidden=\"true\" class=\"e-font-icon-svg e-fab-facebook-messenger\" viewBox=\"0 0 512 512\" xmlns=\"http:\/\/www.w3.org\/2000\/svg\"><path d=\"M256.55 8C116.52 8 8 110.34 8 248.57c0 72.3 29.71 134.78 78.07 177.94 8.35 7.51 6.63 11.86 8.05 58.23A19.92 19.92 0 0 0 122 502.31c52.91-23.3 53.59-25.14 62.56-22.7C337.85 521.8 504 423.7 504 248.57 504 110.34 396.59 8 256.55 8zm149.24 185.13l-73 115.57a37.37 37.37 0 0 1-53.91 9.93l-58.08-43.47a15 15 0 0 0-18 0l-78.37 59.44c-10.46 7.93-24.16-4.6-17.11-15.67l73-115.57a37.36 37.36 0 0 1 53.91-9.93l58.06 43.46a15 15 0 0 0 18 0l78.41-59.38c10.44-7.98 24.14 4.54 17.09 15.62z\"><\/path><\/svg>\t\t\t<\/span>\n\t\t\t\t\t\t\t\t\t<span class=\"elementor-button-text\">Mahn\u0131 il\u0259 BA\u011fl\u0131 Sual\u0131n Var?<\/span>\n\t\t\t\t\t<\/span>\n\t\t\t\t\t<\/a>\n\t\t\t\t<\/div>\n\t\t\t\t\t\t\t\t<\/div>\n\t\t\t\t<\/div>\n\t\t\t\t\t<\/div>\n\t\t<\/div>\n\t\t\t\t\t<\/div>\n\t\t<\/section>\n\t\t\t\t\t<\/div>\n\t\t<\/div>\n\t\t\t\t\t<\/div>\n\t\t<\/section>\n\t\t\t\t<\/div>\n\t\t","protected":false},"excerpt":{"rendered":"<p>Musiqi\u00e7i&amp;Yazar Foto-dizayner Musiqi redaktoru meneceri M\u0259nim layih\u0259l\u0259rimin say\u0131 11 Sinql&amp;Albom 4 \u018fn \u00c7ox Sevil\u0259n Sinql https:\/\/youtu.be\/uQKNX4Rxvyg?si=tjkpKOEYVGGogDwr Bu mahn\u0131, h\u0259yat\u0131n a\u011f\u0131r y\u00fckl\u0259ri v\u0259 qar\u015f\u0131ya \u00e7\u0131xan \u00e7\u0259tinlikl\u0259rl\u0259 m\u00fcbariz\u0259ni anlat\u0131r. O, insan\u0131n daxilind\u0259ki irad\u0259ni, g\u0259l\u0259c\u0259y\u0259 olan \u00fcmidini, h\u0259r k\u0259sin \u00f6z h\u0259d\u0259fin\u0259 \u00e7atmaq \u00fc\u00e7\u00fcn verdiyi m\u00fcbariz\u0259ni g\u00f6st\u0259rir. H\u0259r n\u0259 q\u0259d\u0259r \u00e7\u0259tin olsa da, insan\u0131n do\u011fuldu\u011fu \u015f\u0259rait ona h\u00f6km etm\u0259m\u0259lidir;<\/p>\n<div class=\"more-link\">\n\t\t\t\t <a href=\"https:\/\/www.baxisovfeqan.com\/?page_id=5574\" class=\"link-btn theme-btn\"><span>Read More <\/span> <i class=\"fa fa-caret-right\"><\/i><\/a>\n\t\t\t<\/div>\n","protected":false},"author":1,"featured_media":0,"parent":0,"menu_order":0,"comment_status":"closed","ping_status":"closed","template":"","meta":{"pagelayer_contact_templates":[],"_pagelayer_content":"","footnotes":""},"class_list":["post-5574","page","type-page","status-publish","hentry"],"featured_media_urls":[],"_links":{"self":[{"href":"https:\/\/www.baxisovfeqan.com\/index.php?rest_route=\/wp\/v2\/pages\/5574","targetHints":{"allow":["GET"]}}],"collection":[{"href":"https:\/\/www.baxisovfeqan.com\/index.php?rest_route=\/wp\/v2\/pages"}],"about":[{"href":"https:\/\/www.baxisovfeqan.com\/index.php?rest_route=\/wp\/v2\/types\/page"}],"author":[{"embeddable":true,"href":"https:\/\/www.baxisovfeqan.com\/index.php?rest_route=\/wp\/v2\/users\/1"}],"replies":[{"embeddable":true,"href":"https:\/\/www.baxisovfeqan.com\/index.php?rest_route=%2Fwp%2Fv2%2Fcomments&post=5574"}],"version-history":[{"count":24,"href":"https:\/\/www.baxisovfeqan.com\/index.php?rest_route=\/wp\/v2\/pages\/5574\/revisions"}],"predecessor-version":[{"id":7029,"href":"https:\/\/www.baxisovfeqan.com\/index.php?rest_route=\/wp\/v2\/pages\/5574\/revisions\/7029"}],"wp:attachment":[{"href":"https:\/\/www.baxisovfeqan.com\/index.php?rest_route=%2Fwp%2Fv2%2Fmedia&parent=5574"}],"curies":[{"name":"wp","href":"https:\/\/api.w.org\/{rel}","templated":true}]}}